{"id":287,"date":"2013-11-07T08:24:23","date_gmt":"2013-11-07T10:24:23","guid":{"rendered":"http:\/\/megafly.com.br\/?page_id=287"},"modified":"2025-04-14T20:25:11","modified_gmt":"2025-04-14T23:25:11","slug":"artigos-2","status":"publish","type":"page","link":"https:\/\/megafly.com.br\/?page_id=287","title":{"rendered":"Artigos"},"content":{"rendered":"<h3>MAPA DO XC NO BRASIL<\/h3>\n<p><img loading=\"lazy\" decoding=\"async\" alt=\"Foto-Artigo-Mapa-XC-Brasil\" src=\"http:\/\/megafly.com.br\/wp-content\/uploads\/sites\/17\/2013\/11\/Foto-Artigo-Mapa-XC-Brasil-610x394.jpg\" width=\"610\" height=\"394\" \/><\/p>\n<p>Por: Glauco Cavalcanti<\/p>\n<p>O recorde sul americano do Eduardo-DF atingindo a incr\u00edvel marca de 573km em Tacima me\u00a0fez refletir sobre o XC no Brasil e a evolu\u00e7\u00e3o nos \u00faltimos tempos. Neste post vou fazer uma\u00a0an\u00e1lise sobre picos, pilotos, recordes e oportunidades futuras. Fiquem a vontade para agregar\u00a0coment\u00e1rios, fazer cr\u00edticas e trocar experi\u00eancias sobre XC. Esta \u00e9 apenas a minha vis\u00e3o,\u00a0portanto fique \u00e0 vontade para postar a sua.<\/p>\n<p>(<a href=\"http:\/\/megafly.com.br\/wp-content\/uploads\/sites\/17\/2013\/11\/Artigo_05_Mapa-XC-no-Brasil.pdf\" target=\"_blank\">BAIXAR PDF<\/a>)<\/p>\n<h3>Desvendando os Mist\u00e9rios de Quixad\u00e1<\/h3>\n<p><img loading=\"lazy\" decoding=\"async\" alt=\"Foto-Artigo-Quixada\" src=\"http:\/\/megafly.com.br\/wp-content\/uploads\/sites\/17\/2013\/11\/Foto-Artigo-Quixada-610x405.jpg\" width=\"610\" height=\"405\" \/><\/p>\n<p>Por: Glauco Cavalcanti.<\/p>\n<p>N\u00e3o existe um s\u00f3 piloto de asa delta com equipamento de alta performance que n\u00e3o sonhe em fazer v\u00f4os acima de 200, 300 ou mesmo 400 quil\u00f4metros. Um v\u00f4o que come\u00e7a de manh\u00e3 e s\u00f3 termina ao p\u00f4r do sol. Seis, sete ou oito horas ali, pendurado\u00a0na sua asa delta, voando, tomando decis\u00f5es e cruzando pelo ar longas distancias. Voar o dia inteiro e pousar cansado mas com aquele sorriso no rosto e a sensa\u00e7\u00e3o de plenitude. Afinal voc\u00ea foi p\u00e1ssaro por um dia. Sentimento m\u00e1ximo de liberdade.<\/p>\n<p>(<a href=\"http:\/\/megafly.com.br\/wp-content\/uploads\/sites\/17\/2013\/11\/Artigo_01_QUIXAD%C3%81-PARTE-I-a-V.pdf\" target=\"_blank\">BAIXAR PDF<\/a>)<\/p>\n<h3>UNDERSTANDING THE SKY<\/h3>\n<p><img loading=\"lazy\" decoding=\"async\" alt=\"Foto-Artigo-Understanding-the-sky\" src=\"http:\/\/megafly.com.br\/wp-content\/uploads\/sites\/17\/2013\/11\/Foto-Artigo-Understanding-the-sky.jpg\" width=\"250\" height=\"387\" \/><\/p>\n<p>by DENNIS PAGEN<\/p>\n<p>A SPORT PILOT\u2019S GUIDE TO FLYING CONDITIONS.<\/p>\n<p>(<a href=\"http:\/\/megafly.com.br\/wp-content\/uploads\/sites\/17\/2013\/11\/Artigo_04_Understanting-the-Sky.pdf\" target=\"_blank\">BAIXAR PDF<\/a>)<\/p>\n<h3>Campeonato de V\u00f4o Livre \u2013 Uma Abordagem Estrat\u00e9gica<\/h3>\n<p><img loading=\"lazy\" decoding=\"async\" class=\"alignnone size-full wp-image-314\" alt=\"Estrategia\" src=\"http:\/\/megafly.com.br\/wp-content\/uploads\/sites\/17\/2013\/11\/Estrategia.jpg\" width=\"400\" height=\"300\" srcset=\"https:\/\/megafly.com.br\/wp-content\/uploads\/sites\/17\/2013\/11\/Estrategia.jpg 400w, https:\/\/megafly.com.br\/wp-content\/uploads\/sites\/17\/2013\/11\/Estrategia-293x219.jpg 293w, https:\/\/megafly.com.br\/wp-content\/uploads\/sites\/17\/2013\/11\/Estrategia-215x161.jpg 215w, https:\/\/megafly.com.br\/wp-content\/uploads\/sites\/17\/2013\/11\/Estrategia-296x221.jpg 296w\" sizes=\"auto, (max-width: 400px) 100vw, 400px\" \/><\/p>\n<p>Por: Glauco Cavalcanti.<\/p>\n<p>A palavra estrat\u00e9gia vem do grego \u201cstrategos\u201d que significa a arte do general. Embora muitos n\u00e3o saibam, o conceito racionalizado de estrat\u00e9gia surgiu nos campos de batalha h\u00e1 muitos s\u00e9culos atr\u00e1s. Um exemplo disso \u00e9 o livro A Arte da Guerra, escrito por Sun Tzu no s\u00e9culo IV AC, onde o lend\u00e1rio general chin\u00eas descreve as estrat\u00e9gias de combate que o levaram a in\u00fameras vit\u00f3rias. Nos dias de hoje a abordagem estrat\u00e9gica \u00e9 amplamente aplicada, seja no mundo dos neg\u00f3cios, na pol\u00edtica e tamb\u00e9m nos esportes. No v\u00f4o livre de competi\u00e7\u00e3o, devido ao grande n\u00famero de incertezas geradas pelas transforma\u00e7\u00f5es da natureza, o processo de formula\u00e7\u00e3o das estrat\u00e9gias \u00e9 altamente din\u00e2mico e interessante de ser estudado.<\/p>\n<p>(<a href=\"http:\/\/megafly.com.br\/wp-content\/uploads\/sites\/17\/2013\/11\/Artigo_02-Campeonato-de-Asa-Delta_Uma-Abordagem-Estrategica.pdf\" target=\"_blank\">BAIXAR PDF<\/a>)<\/p>\n<h3>O dia em que at\u00e9 o ELEFANTE chegou ao CRISTO<\/h3>\n<p><img loading=\"lazy\" decoding=\"async\" class=\"alignnone size-medium wp-image-304\" alt=\"Foto-Artigo-Cristo\" src=\"http:\/\/megafly.com.br\/wp-content\/uploads\/sites\/17\/2013\/11\/Foto-Artigo-Cristo-610x407.jpg\" width=\"610\" height=\"407\" srcset=\"https:\/\/megafly.com.br\/wp-content\/uploads\/sites\/17\/2013\/11\/Foto-Artigo-Cristo-610x407.jpg 610w, https:\/\/megafly.com.br\/wp-content\/uploads\/sites\/17\/2013\/11\/Foto-Artigo-Cristo.jpg 800w\" sizes=\"auto, (max-width: 610px) 100vw, 610px\" \/><\/p>\n<p>Dicas de Como Voar at\u00e9 a Est\u00e1tua.<br \/>\nPor Glauco Cavalcanti.<\/p>\n<p>Por ironia do destino, a maca da fi sioterapia tinha vista para a est\u00e1tua do Cristo Redentor e minhas sess\u00f5es eram no hor\u00e1rio de\u00a0almo\u00e7o, logo ao meio dia. Enquanto Carla esticava o meu bra\u00e7o para que eu recuperasse a angula\u00e7\u00e3o normal, as asas brincavam\u00a0na cabe\u00e7a do Cristo. Naquela semana o sul cantou forte e no dia seguinte, enquanto recebia choques, via os meus amigos\u00a0brincando e se divertindo, s\u00f3 enroscando.<\/p>\n<p>(<a href=\"http:\/\/megafly.com.br\/wp-content\/uploads\/sites\/17\/2013\/11\/Artigo_03-elefante_cristo.pdf\" target=\"_blank\">BAIXAR PDF<\/a>)<\/p>\n","protected":false},"excerpt":{"rendered":"<p>MAPA DO XC NO BRASIL Por: Glauco Cavalcanti O recorde sul americano do Eduardo-DF atingindo a incr\u00edvel marca de 573km em Tacima me\u00a0fez refletir sobre o XC no Brasil e a evolu\u00e7\u00e3o nos \u00faltimos tempos. Neste post vou fazer uma\u00a0an\u00e1lise sobre picos, pilotos, recordes e oportunidades futuras. Fiquem a vontade para agregar\u00a0coment\u00e1rios, fazer cr\u00edticas e [&hellip;]<\/p>\n","protected":false},"author":1,"featured_media":295,"parent":0,"menu_order":0,"comment_status":"closed","ping_status":"open","template":"page_r.php","meta":{"footnotes":""},"class_list":["post-287","page","type-page","status-publish","has-post-thumbnail","hentry"],"yoast_head":"<!-- This site is optimized with the Yoast SEO plugin v26.1.1 - https:\/\/yoast.com\/wordpress\/plugins\/seo\/ -->\n<title>Artigos - Megafly - Voos Longos - Cross Country<\/title>\n<meta name=\"robots\" content=\"index, follow, max-snippet:-1, max-image-preview:large, max-video-preview:-1\" \/>\n<link rel=\"canonical\" href=\"https:\/\/megafly.com.br\/?page_id=287\" \/>\n<meta property=\"og:locale\" content=\"pt_BR\" \/>\n<meta property=\"og:type\" content=\"article\" \/>\n<meta property=\"og:title\" content=\"Artigos - Megafly - Voos Longos - Cross Country\" \/>\n<meta property=\"og:description\" content=\"MAPA DO XC NO BRASIL Por: Glauco Cavalcanti O recorde sul americano do Eduardo-DF atingindo a incr\u00edvel marca de 573km em Tacima me\u00a0fez refletir sobre o XC no Brasil e a evolu\u00e7\u00e3o nos \u00faltimos tempos. Neste post vou fazer uma\u00a0an\u00e1lise sobre picos, pilotos, recordes e oportunidades futuras. Fiquem a vontade para agregar\u00a0coment\u00e1rios, fazer cr\u00edticas e [&hellip;]\" \/>\n<meta property=\"og:url\" content=\"https:\/\/megafly.com.br\/?page_id=287\" \/>\n<meta property=\"og:site_name\" content=\"Megafly - Voos Longos - Cross Country\" \/>\n<meta property=\"article:modified_time\" content=\"2025-04-14T23:25:11+00:00\" \/>\n<meta property=\"og:image\" content=\"https:\/\/megafly.com.br\/wp-content\/uploads\/sites\/17\/2013\/11\/Foto_131.jpg\" \/>\n\t<meta property=\"og:image:width\" content=\"1920\" \/>\n\t<meta property=\"og:image:height\" content=\"1440\" \/>\n\t<meta property=\"og:image:type\" content=\"image\/jpeg\" \/>\n<meta name=\"twitter:card\" content=\"summary_large_image\" \/>\n<meta name=\"twitter:label1\" content=\"Est. tempo de leitura\" \/>\n\t<meta name=\"twitter:data1\" content=\"2 minutos\" \/>\n<script type=\"application\/ld+json\" class=\"yoast-schema-graph\">{\"@context\":\"https:\/\/schema.org\",\"@graph\":[{\"@type\":\"WebPage\",\"@id\":\"https:\/\/megafly.com.br\/?page_id=287\",\"url\":\"https:\/\/megafly.com.br\/?page_id=287\",\"name\":\"Artigos - Megafly - Voos Longos - Cross Country\",\"isPartOf\":{\"@id\":\"https:\/\/www.megafly.com.br\/#website\"},\"primaryImageOfPage\":{\"@id\":\"https:\/\/megafly.com.br\/?page_id=287#primaryimage\"},\"image\":{\"@id\":\"https:\/\/megafly.com.br\/?page_id=287#primaryimage\"},\"thumbnailUrl\":\"https:\/\/megafly.com.br\/wp-content\/uploads\/sites\/17\/2013\/11\/Foto_131.jpg\",\"datePublished\":\"2013-11-07T10:24:23+00:00\",\"dateModified\":\"2025-04-14T23:25:11+00:00\",\"breadcrumb\":{\"@id\":\"https:\/\/megafly.com.br\/?page_id=287#breadcrumb\"},\"inLanguage\":\"pt-BR\",\"potentialAction\":[{\"@type\":\"ReadAction\",\"target\":[\"https:\/\/megafly.com.br\/?page_id=287\"]}]},{\"@type\":\"ImageObject\",\"inLanguage\":\"pt-BR\",\"@id\":\"https:\/\/megafly.com.br\/?page_id=287#primaryimage\",\"url\":\"https:\/\/megafly.com.br\/wp-content\/uploads\/sites\/17\/2013\/11\/Foto_131.jpg\",\"contentUrl\":\"https:\/\/megafly.com.br\/wp-content\/uploads\/sites\/17\/2013\/11\/Foto_131.jpg\",\"width\":1920,\"height\":1440},{\"@type\":\"BreadcrumbList\",\"@id\":\"https:\/\/megafly.com.br\/?page_id=287#breadcrumb\",\"itemListElement\":[{\"@type\":\"ListItem\",\"position\":1,\"name\":\"Home\",\"item\":\"https:\/\/www.megafly.com.br\/\"},{\"@type\":\"ListItem\",\"position\":2,\"name\":\"Artigos\"}]},{\"@type\":\"WebSite\",\"@id\":\"https:\/\/www.megafly.com.br\/#website\",\"url\":\"https:\/\/www.megafly.com.br\/\",\"name\":\"Megafly - Voos Longos - Cross Country\",\"description\":\"\",\"potentialAction\":[{\"@type\":\"SearchAction\",\"target\":{\"@type\":\"EntryPoint\",\"urlTemplate\":\"https:\/\/www.megafly.com.br\/?s={search_term_string}\"},\"query-input\":{\"@type\":\"PropertyValueSpecification\",\"valueRequired\":true,\"valueName\":\"search_term_string\"}}],\"inLanguage\":\"pt-BR\"}]}<\/script>\n<!-- \/ Yoast SEO plugin. -->","yoast_head_json":{"title":"Artigos - Megafly - Voos Longos - Cross Country","robots":{"index":"index","follow":"follow","max-snippet":"max-snippet:-1","max-image-preview":"max-image-preview:large","max-video-preview":"max-video-preview:-1"},"canonical":"https:\/\/megafly.com.br\/?page_id=287","og_locale":"pt_BR","og_type":"article","og_title":"Artigos - Megafly - Voos Longos - Cross Country","og_description":"MAPA DO XC NO BRASIL Por: Glauco Cavalcanti O recorde sul americano do Eduardo-DF atingindo a incr\u00edvel marca de 573km em Tacima me\u00a0fez refletir sobre o XC no Brasil e a evolu\u00e7\u00e3o nos \u00faltimos tempos. Neste post vou fazer uma\u00a0an\u00e1lise sobre picos, pilotos, recordes e oportunidades futuras. Fiquem a vontade para agregar\u00a0coment\u00e1rios, fazer cr\u00edticas e [&hellip;]","og_url":"https:\/\/megafly.com.br\/?page_id=287","og_site_name":"Megafly - Voos Longos - Cross Country","article_modified_time":"2025-04-14T23:25:11+00:00","og_image":[{"width":1920,"height":1440,"url":"https:\/\/megafly.com.br\/wp-content\/uploads\/sites\/17\/2013\/11\/Foto_131.jpg","type":"image\/jpeg"}],"twitter_card":"summary_large_image","twitter_misc":{"Est. tempo de leitura":"2 minutos"},"schema":{"@context":"https:\/\/schema.org","@graph":[{"@type":"WebPage","@id":"https:\/\/megafly.com.br\/?page_id=287","url":"https:\/\/megafly.com.br\/?page_id=287","name":"Artigos - Megafly - Voos Longos - Cross Country","isPartOf":{"@id":"https:\/\/www.megafly.com.br\/#website"},"primaryImageOfPage":{"@id":"https:\/\/megafly.com.br\/?page_id=287#primaryimage"},"image":{"@id":"https:\/\/megafly.com.br\/?page_id=287#primaryimage"},"thumbnailUrl":"https:\/\/megafly.com.br\/wp-content\/uploads\/sites\/17\/2013\/11\/Foto_131.jpg","datePublished":"2013-11-07T10:24:23+00:00","dateModified":"2025-04-14T23:25:11+00:00","breadcrumb":{"@id":"https:\/\/megafly.com.br\/?page_id=287#breadcrumb"},"inLanguage":"pt-BR","potentialAction":[{"@type":"ReadAction","target":["https:\/\/megafly.com.br\/?page_id=287"]}]},{"@type":"ImageObject","inLanguage":"pt-BR","@id":"https:\/\/megafly.com.br\/?page_id=287#primaryimage","url":"https:\/\/megafly.com.br\/wp-content\/uploads\/sites\/17\/2013\/11\/Foto_131.jpg","contentUrl":"https:\/\/megafly.com.br\/wp-content\/uploads\/sites\/17\/2013\/11\/Foto_131.jpg","width":1920,"height":1440},{"@type":"BreadcrumbList","@id":"https:\/\/megafly.com.br\/?page_id=287#breadcrumb","itemListElement":[{"@type":"ListItem","position":1,"name":"Home","item":"https:\/\/www.megafly.com.br\/"},{"@type":"ListItem","position":2,"name":"Artigos"}]},{"@type":"WebSite","@id":"https:\/\/www.megafly.com.br\/#website","url":"https:\/\/www.megafly.com.br\/","name":"Megafly - Voos Longos - Cross Country","description":"","potentialAction":[{"@type":"SearchAction","target":{"@type":"EntryPoint","urlTemplate":"https:\/\/www.megafly.com.br\/?s={search_term_string}"},"query-input":{"@type":"PropertyValueSpecification","valueRequired":true,"valueName":"search_term_string"}}],"inLanguage":"pt-BR"}]}},"_links":{"self":[{"href":"https:\/\/megafly.com.br\/index.php?rest_route=\/wp\/v2\/pages\/287","targetHints":{"allow":["GET"]}}],"collection":[{"href":"https:\/\/megafly.com.br\/index.php?rest_route=\/wp\/v2\/pages"}],"about":[{"href":"https:\/\/megafly.com.br\/index.php?rest_route=\/wp\/v2\/types\/page"}],"author":[{"embeddable":true,"href":"https:\/\/megafly.com.br\/index.php?rest_route=\/wp\/v2\/users\/1"}],"replies":[{"embeddable":true,"href":"https:\/\/megafly.com.br\/index.php?rest_route=%2Fwp%2Fv2%2Fcomments&post=287"}],"version-history":[{"count":1,"href":"https:\/\/megafly.com.br\/index.php?rest_route=\/wp\/v2\/pages\/287\/revisions"}],"predecessor-version":[{"id":374,"href":"https:\/\/megafly.com.br\/index.php?rest_route=\/wp\/v2\/pages\/287\/revisions\/374"}],"wp:featuredmedia":[{"embeddable":true,"href":"https:\/\/megafly.com.br\/index.php?rest_route=\/wp\/v2\/media\/295"}],"wp:attachment":[{"href":"https:\/\/megafly.com.br\/index.php?rest_route=%2Fwp%2Fv2%2Fmedia&parent=287"}],"curies":[{"name":"wp","href":"https:\/\/api.w.org\/{rel}","templated":true}]}}