{"id":25,"date":"2013-11-03T02:26:02","date_gmt":"2013-11-03T02:26:02","guid":{"rendered":"http:\/\/megafly.com.br\/?page_id=25"},"modified":"2025-04-14T20:25:11","modified_gmt":"2025-04-14T23:25:11","slug":"voe-com-glauco","status":"publish","type":"page","link":"https:\/\/megafly.com.br\/?page_id=25","title":{"rendered":"Voe com Glauco"},"content":{"rendered":"<h2>Executivos que voaram com Glauco Cavalcanti<\/h2>\n<p>V\u00eddeo do voo com o presidente da Dori Alimentos<\/p>\n<p><iframe loading=\"lazy\" src=\"\/\/player.vimeo.com\/video\/67947151\" width=\"610\" height=\"369\" frameborder=\"0\" allowfullscreen=\"allowfullscreen\"><\/iframe><\/p>\n<p>V\u00eddeo com o gerente de vendas da Merck<\/p>\n<p><iframe loading=\"lazy\" src=\"\/\/player.vimeo.com\/video\/68012074\" width=\"610\" height=\"369\" frameborder=\"0\" allowfullscreen=\"allowfullscreen\"><\/iframe><\/p>\n<p>V\u00eddeo com o diretor do Col\u00e9gio Sui\u00e7o-Brasileiro<\/p>\n<p><iframe loading=\"lazy\" src=\"\/\/player.vimeo.com\/video\/65734820\" width=\"610\" height=\"369\" frameborder=\"0\" allowfullscreen=\"allowfullscreen\"><\/iframe><\/p>\n<h2>Alguns Globais que voaram tamb\u00e9m<\/h2>\n<div class=\"one_half \"><img loading=\"lazy\" decoding=\"async\" src=\"http:\/\/megafly.com.br\/wp-content\/uploads\/sites\/17\/2013\/11\/Priscila-Fantin_01.jpg\" alt=\"Priscila-Fantin_01\" width=\"320\" height=\"240\" \/><\/div>\n<div class=\"one_half last \"><img decoding=\"async\" class=\"alignnone wp-image-174\" src=\"http:\/\/megafly.com.br\/wp-content\/uploads\/sites\/17\/2013\/11\/Priscila-Fantin_02-300x217.jpg\" alt=\"Priscila-Fantin_02\" height=\"240\" srcset=\"https:\/\/megafly.com.br\/wp-content\/uploads\/sites\/17\/2013\/11\/Priscila-Fantin_02-300x217.jpg 300w, https:\/\/megafly.com.br\/wp-content\/uploads\/sites\/17\/2013\/11\/Priscila-Fantin_02.jpg 610w\" sizes=\"(max-width: 300px) 100vw, 300px\" \/><\/div>\n<p><br class=\"clear\"\/>Priscila Fantin j\u00e1 voou 3 vezes, uma verdadeira f\u00e3 de esportes de aventura.<\/p>\n<p><img loading=\"lazy\" decoding=\"async\" class=\"alignnone size-full wp-image-178\" src=\"http:\/\/megafly.com.br\/wp-content\/uploads\/sites\/17\/2013\/11\/Carolina-Dickman_01.jpg\" alt=\"Carolina-Dickman_01\" width=\"581\" height=\"382\" srcset=\"https:\/\/megafly.com.br\/wp-content\/uploads\/sites\/17\/2013\/11\/Carolina-Dickman_01.jpg 581w, https:\/\/megafly.com.br\/wp-content\/uploads\/sites\/17\/2013\/11\/Carolina-Dickman_01-300x197.jpg 300w\" sizes=\"auto, (max-width: 581px) 100vw, 581px\" \/><\/p>\n<p>Na novela Mulheres Apaixonadas, Glauco foi dubl\u00ea do ator Eric Marmo nas cenas de voo de asa delta.<\/p>\n<p><img loading=\"lazy\" decoding=\"async\" src=\"http:\/\/megafly.com.br\/wp-content\/uploads\/sites\/17\/2013\/11\/Carol-Castro_01.jpg\" alt=\"Carol-Castro_01\" width=\"610\" height=\"399\" \/><\/p>\n<p>A atriz Carol Castro no in\u00edcio de sua carreira tamb\u00e9m voou com Glauco durante uma cena da novela Mulheres Apaixonadas. Dispensou dubl\u00ea nas cenas de manobra e mostrou ser radical.<\/p>\n<h2>Glauco e seu irm\u00e3o Diogo&#8230;<\/h2>\n<p>&#8230;curtindo um voo duplo em fam\u00edlia<\/p>\n<p><img loading=\"lazy\" decoding=\"async\" class=\"alignnone size-full wp-image-180\" src=\"http:\/\/megafly.com.br\/wp-content\/uploads\/sites\/17\/2013\/11\/Glauco-e-Diogo_02.jpg\" alt=\"Glauco-e-Diogo_02\" width=\"610\" height=\"458\" srcset=\"https:\/\/megafly.com.br\/wp-content\/uploads\/sites\/17\/2013\/11\/Glauco-e-Diogo_02.jpg 610w, https:\/\/megafly.com.br\/wp-content\/uploads\/sites\/17\/2013\/11\/Glauco-e-Diogo_02-300x225.jpg 300w, https:\/\/megafly.com.br\/wp-content\/uploads\/sites\/17\/2013\/11\/Glauco-e-Diogo_02-293x219.jpg 293w, https:\/\/megafly.com.br\/wp-content\/uploads\/sites\/17\/2013\/11\/Glauco-e-Diogo_02-215x161.jpg 215w, https:\/\/megafly.com.br\/wp-content\/uploads\/sites\/17\/2013\/11\/Glauco-e-Diogo_02-296x221.jpg 296w\" sizes=\"auto, (max-width: 610px) 100vw, 610px\" \/><\/p>\n<p><img loading=\"lazy\" decoding=\"async\" class=\"alignnone size-full wp-image-181\" src=\"http:\/\/megafly.com.br\/wp-content\/uploads\/sites\/17\/2013\/11\/Glauco-e-Diogo.jpg\" alt=\"Glauco-e-Diogo\" width=\"610\" height=\"458\" srcset=\"https:\/\/megafly.com.br\/wp-content\/uploads\/sites\/17\/2013\/11\/Glauco-e-Diogo.jpg 610w, https:\/\/megafly.com.br\/wp-content\/uploads\/sites\/17\/2013\/11\/Glauco-e-Diogo-300x225.jpg 300w, https:\/\/megafly.com.br\/wp-content\/uploads\/sites\/17\/2013\/11\/Glauco-e-Diogo-293x219.jpg 293w, https:\/\/megafly.com.br\/wp-content\/uploads\/sites\/17\/2013\/11\/Glauco-e-Diogo-215x161.jpg 215w, https:\/\/megafly.com.br\/wp-content\/uploads\/sites\/17\/2013\/11\/Glauco-e-Diogo-296x221.jpg 296w\" sizes=\"auto, (max-width: 610px) 100vw, 610px\" \/><\/p>\n<h2>Venha voar com o Glauco!<\/h2>\n<p><strong>Seguem algumas informa\u00e7\u00f5es sobre esta experi\u00eancia inesquec\u00edvel:<\/strong><\/p>\n<ul>\n<li>A rampa de decolagem est\u00e1 localizada no caminho da Pedra Bonita e dentro do Parque Nacional da Tijuca a 550 metros acima do n\u00edvel do mar. Pouso na Praia do Pepino em S\u00e3o Conrado a poucos minutos de Copacabana e pr\u00f3ximo \u00e0 Barra da Tijuca.<\/li>\n<li>O tempo de perman\u00eancia no ar varia de 8 a 15 minutos dependendo das condi\u00e7\u00f5es meteorol\u00f3gicas (ventos, t\u00e9rmicas, densidade do ar) e peso do piloto\/aluno.<\/li>\n<li>Dias nublados poder\u00e3o ser excelentes para voar, portanto n\u00e3o avalie as condi\u00e7\u00f5es de voo por conta pr\u00f3pria. Deixe que o piloto o fa\u00e7a.<\/li>\n<li>Para seu maior conforto evite roupas apertadas, sand\u00e1lias tipo havaianas ou de salto alto. \u00c9 proibido voar descal\u00e7o.<\/li>\n<li>Para uma perfeita decolagem \u00e9 necess\u00e1rio correr ao lado do piloto ao longo de uma plataforma de 5 graus de inclina\u00e7\u00e3o e 8 metros de comprimento.<\/li>\n<li>Os equipamentos de seguran\u00e7a incluem mosquet\u00f5es de a\u00e7o inoxid\u00e1vel, p\u00e1ra-quedas de emerg\u00eancia, capacetes e cintos refor\u00e7ados. Utilizamos Asa Delta modelo FALCON TANDEM 3. Elas s\u00e3o vistoriadas duas vezes por ano segundo os crit\u00e9rios t\u00e9cnicos do fabricante.<\/li>\n<li>H\u00e1 servi\u00e7os opcional de foto e v\u00eddeo digital com c\u00e2meras fixa ou m\u00f3vel (exclusividade da Asa Delta Tour). As c\u00e2meras s\u00e3o acopladas na lateral e na frente e direcionadas para o piloto e passageiro. Equipamento utilizado C\u00e2meras GOPRO. Conhe\u00e7a nossas c\u00e2meras\u00a0 <a href=\"http:\/\/www.gopro.com\/\" target=\"_blank\" rel=\"noopener noreferrer\">www.gopro.com<\/a>.<\/li>\n<li>Antes de voar o aluno dever\u00e1 assinar um\u00a0<em>Termo de Responsabilidade <\/em>ao Clube S\u00e3o Conrado de V\u00f4o Livre.<\/li>\n<li>O Voo \u00e9 proibido para menores de 16 anos. Menor de 18 anos deve estar acompanhado de um respons\u00e1vel e ambos apresentar documento de identifica\u00e7\u00e3o.<\/li>\n<li>Local de encontro: Avenida Prefeito Mendes de Morais em frente ao n\u00famero 1500 \u2013 Praia do Pepino em S\u00e3o Conrado. \u00a0No local h\u00e1 um quiosque amarelo sobre a cal\u00e7ada com um letreiro VOO LIVRE\/SKOL.\u00a0\u00a0Procurar por Glauco Cavalcanti ou Edson Pereira. Ver Google Mapas Street View. IMPORTANTE: o voo deve ser agendado com anteced\u00eancia. N\u00e3o basta chegar no local sem marcar o voo, n\u00e3o garantimos atendimento desta forma.<\/li>\n<li>Fa\u00e7a sua reserva com anteced\u00eancia via e-mail. Informe nome, telefone, peso aproximado, dia e hor\u00e1rio.<\/li>\n<li>Para facilitar o preenchimento de sua carteira de aluno tenha em m\u00e3os seu documento de identifica\u00e7\u00e3o original ou c\u00f3pia.<\/li>\n<\/ul>\n<p><strong>IMPORTANTE:<\/strong><\/p>\n<p>Para fechar o agendamento:<\/p>\n<ul>\n<li>Nome completo:<\/li>\n<li>Telefone Celular para contato:<\/li>\n<li>Hora que quer voar (de 9 as 16hs):<\/li>\n<li>Data:<\/li>\n<\/ul>\n<p>Glauco Cavalcanti &#8211; 21 99887-6084\u00a0\/\u00a0<a href=\"mailto:glauco@gc5.com.br\">glauco@gc5.com.br<\/a><\/p>\n","protected":false},"excerpt":{"rendered":"<p>Executivos que voaram com Glauco Cavalcanti V\u00eddeo do voo com o presidente da Dori Alimentos V\u00eddeo com o gerente de vendas da Merck V\u00eddeo com o diretor do Col\u00e9gio Sui\u00e7o-Brasileiro Alguns Globais que voaram tamb\u00e9m Priscila Fantin j\u00e1 voou 3 vezes, uma verdadeira f\u00e3 de esportes de aventura. Na novela Mulheres Apaixonadas, Glauco foi dubl\u00ea [&hellip;]<\/p>\n","protected":false},"author":1,"featured_media":299,"parent":0,"menu_order":0,"comment_status":"closed","ping_status":"open","template":"page_r.php","meta":{"footnotes":""},"class_list":["post-25","page","type-page","status-publish","has-post-thumbnail","hentry"],"yoast_head":"<!-- This site is optimized with the Yoast SEO plugin v26.1.1 - https:\/\/yoast.com\/wordpress\/plugins\/seo\/ -->\n<title>Voe com Glauco - Megafly - Voos Longos - Cross Country<\/title>\n<meta name=\"robots\" content=\"index, follow, max-snippet:-1, max-image-preview:large, max-video-preview:-1\" \/>\n<link rel=\"canonical\" href=\"https:\/\/megafly.com.br\/?page_id=25\" \/>\n<meta property=\"og:locale\" content=\"pt_BR\" \/>\n<meta property=\"og:type\" content=\"article\" \/>\n<meta property=\"og:title\" content=\"Voe com Glauco - Megafly - Voos Longos - Cross Country\" \/>\n<meta property=\"og:description\" content=\"Executivos que voaram com Glauco Cavalcanti V\u00eddeo do voo com o presidente da Dori Alimentos V\u00eddeo com o gerente de vendas da Merck V\u00eddeo com o diretor do Col\u00e9gio Sui\u00e7o-Brasileiro Alguns Globais que voaram tamb\u00e9m Priscila Fantin j\u00e1 voou 3 vezes, uma verdadeira f\u00e3 de esportes de aventura. Na novela Mulheres Apaixonadas, Glauco foi dubl\u00ea [&hellip;]\" \/>\n<meta property=\"og:url\" content=\"https:\/\/megafly.com.br\/?page_id=25\" \/>\n<meta property=\"og:site_name\" content=\"Megafly - Voos Longos - Cross Country\" \/>\n<meta property=\"article:modified_time\" content=\"2025-04-14T23:25:11+00:00\" \/>\n<meta property=\"og:image\" content=\"https:\/\/megafly.com.br\/wp-content\/uploads\/sites\/17\/2013\/11\/Fundo_02.jpg\" \/>\n\t<meta property=\"og:image:width\" content=\"1600\" \/>\n\t<meta property=\"og:image:height\" content=\"1200\" \/>\n\t<meta property=\"og:image:type\" content=\"image\/jpeg\" \/>\n<meta name=\"twitter:card\" content=\"summary_large_image\" \/>\n<meta name=\"twitter:label1\" content=\"Est. tempo de leitura\" \/>\n\t<meta name=\"twitter:data1\" content=\"3 minutos\" \/>\n<script type=\"application\/ld+json\" class=\"yoast-schema-graph\">{\"@context\":\"https:\/\/schema.org\",\"@graph\":[{\"@type\":\"WebPage\",\"@id\":\"https:\/\/megafly.com.br\/?page_id=25\",\"url\":\"https:\/\/megafly.com.br\/?page_id=25\",\"name\":\"Voe com Glauco - Megafly - Voos Longos - Cross Country\",\"isPartOf\":{\"@id\":\"https:\/\/www.megafly.com.br\/#website\"},\"primaryImageOfPage\":{\"@id\":\"https:\/\/megafly.com.br\/?page_id=25#primaryimage\"},\"image\":{\"@id\":\"https:\/\/megafly.com.br\/?page_id=25#primaryimage\"},\"thumbnailUrl\":\"https:\/\/megafly.com.br\/wp-content\/uploads\/sites\/17\/2013\/11\/Fundo_02.jpg\",\"datePublished\":\"2013-11-03T02:26:02+00:00\",\"dateModified\":\"2025-04-14T23:25:11+00:00\",\"breadcrumb\":{\"@id\":\"https:\/\/megafly.com.br\/?page_id=25#breadcrumb\"},\"inLanguage\":\"pt-BR\",\"potentialAction\":[{\"@type\":\"ReadAction\",\"target\":[\"https:\/\/megafly.com.br\/?page_id=25\"]}]},{\"@type\":\"ImageObject\",\"inLanguage\":\"pt-BR\",\"@id\":\"https:\/\/megafly.com.br\/?page_id=25#primaryimage\",\"url\":\"https:\/\/megafly.com.br\/wp-content\/uploads\/sites\/17\/2013\/11\/Fundo_02.jpg\",\"contentUrl\":\"https:\/\/megafly.com.br\/wp-content\/uploads\/sites\/17\/2013\/11\/Fundo_02.jpg\",\"width\":1600,\"height\":1200},{\"@type\":\"BreadcrumbList\",\"@id\":\"https:\/\/megafly.com.br\/?page_id=25#breadcrumb\",\"itemListElement\":[{\"@type\":\"ListItem\",\"position\":1,\"name\":\"Home\",\"item\":\"https:\/\/www.megafly.com.br\/\"},{\"@type\":\"ListItem\",\"position\":2,\"name\":\"Voe com Glauco\"}]},{\"@type\":\"WebSite\",\"@id\":\"https:\/\/www.megafly.com.br\/#website\",\"url\":\"https:\/\/www.megafly.com.br\/\",\"name\":\"Megafly - Voos Longos - Cross Country\",\"description\":\"\",\"potentialAction\":[{\"@type\":\"SearchAction\",\"target\":{\"@type\":\"EntryPoint\",\"urlTemplate\":\"https:\/\/www.megafly.com.br\/?s={search_term_string}\"},\"query-input\":{\"@type\":\"PropertyValueSpecification\",\"valueRequired\":true,\"valueName\":\"search_term_string\"}}],\"inLanguage\":\"pt-BR\"}]}<\/script>\n<!-- \/ Yoast SEO plugin. -->","yoast_head_json":{"title":"Voe com Glauco - Megafly - Voos Longos - Cross Country","robots":{"index":"index","follow":"follow","max-snippet":"max-snippet:-1","max-image-preview":"max-image-preview:large","max-video-preview":"max-video-preview:-1"},"canonical":"https:\/\/megafly.com.br\/?page_id=25","og_locale":"pt_BR","og_type":"article","og_title":"Voe com Glauco - Megafly - Voos Longos - Cross Country","og_description":"Executivos que voaram com Glauco Cavalcanti V\u00eddeo do voo com o presidente da Dori Alimentos V\u00eddeo com o gerente de vendas da Merck V\u00eddeo com o diretor do Col\u00e9gio Sui\u00e7o-Brasileiro Alguns Globais que voaram tamb\u00e9m Priscila Fantin j\u00e1 voou 3 vezes, uma verdadeira f\u00e3 de esportes de aventura. Na novela Mulheres Apaixonadas, Glauco foi dubl\u00ea [&hellip;]","og_url":"https:\/\/megafly.com.br\/?page_id=25","og_site_name":"Megafly - Voos Longos - Cross Country","article_modified_time":"2025-04-14T23:25:11+00:00","og_image":[{"width":1600,"height":1200,"url":"https:\/\/megafly.com.br\/wp-content\/uploads\/sites\/17\/2013\/11\/Fundo_02.jpg","type":"image\/jpeg"}],"twitter_card":"summary_large_image","twitter_misc":{"Est. tempo de leitura":"3 minutos"},"schema":{"@context":"https:\/\/schema.org","@graph":[{"@type":"WebPage","@id":"https:\/\/megafly.com.br\/?page_id=25","url":"https:\/\/megafly.com.br\/?page_id=25","name":"Voe com Glauco - Megafly - Voos Longos - Cross Country","isPartOf":{"@id":"https:\/\/www.megafly.com.br\/#website"},"primaryImageOfPage":{"@id":"https:\/\/megafly.com.br\/?page_id=25#primaryimage"},"image":{"@id":"https:\/\/megafly.com.br\/?page_id=25#primaryimage"},"thumbnailUrl":"https:\/\/megafly.com.br\/wp-content\/uploads\/sites\/17\/2013\/11\/Fundo_02.jpg","datePublished":"2013-11-03T02:26:02+00:00","dateModified":"2025-04-14T23:25:11+00:00","breadcrumb":{"@id":"https:\/\/megafly.com.br\/?page_id=25#breadcrumb"},"inLanguage":"pt-BR","potentialAction":[{"@type":"ReadAction","target":["https:\/\/megafly.com.br\/?page_id=25"]}]},{"@type":"ImageObject","inLanguage":"pt-BR","@id":"https:\/\/megafly.com.br\/?page_id=25#primaryimage","url":"https:\/\/megafly.com.br\/wp-content\/uploads\/sites\/17\/2013\/11\/Fundo_02.jpg","contentUrl":"https:\/\/megafly.com.br\/wp-content\/uploads\/sites\/17\/2013\/11\/Fundo_02.jpg","width":1600,"height":1200},{"@type":"BreadcrumbList","@id":"https:\/\/megafly.com.br\/?page_id=25#breadcrumb","itemListElement":[{"@type":"ListItem","position":1,"name":"Home","item":"https:\/\/www.megafly.com.br\/"},{"@type":"ListItem","position":2,"name":"Voe com Glauco"}]},{"@type":"WebSite","@id":"https:\/\/www.megafly.com.br\/#website","url":"https:\/\/www.megafly.com.br\/","name":"Megafly - Voos Longos - Cross Country","description":"","potentialAction":[{"@type":"SearchAction","target":{"@type":"EntryPoint","urlTemplate":"https:\/\/www.megafly.com.br\/?s={search_term_string}"},"query-input":{"@type":"PropertyValueSpecification","valueRequired":true,"valueName":"search_term_string"}}],"inLanguage":"pt-BR"}]}},"_links":{"self":[{"href":"https:\/\/megafly.com.br\/index.php?rest_route=\/wp\/v2\/pages\/25","targetHints":{"allow":["GET"]}}],"collection":[{"href":"https:\/\/megafly.com.br\/index.php?rest_route=\/wp\/v2\/pages"}],"about":[{"href":"https:\/\/megafly.com.br\/index.php?rest_route=\/wp\/v2\/types\/page"}],"author":[{"embeddable":true,"href":"https:\/\/megafly.com.br\/index.php?rest_route=\/wp\/v2\/users\/1"}],"replies":[{"embeddable":true,"href":"https:\/\/megafly.com.br\/index.php?rest_route=%2Fwp%2Fv2%2Fcomments&post=25"}],"version-history":[{"count":1,"href":"https:\/\/megafly.com.br\/index.php?rest_route=\/wp\/v2\/pages\/25\/revisions"}],"predecessor-version":[{"id":382,"href":"https:\/\/megafly.com.br\/index.php?rest_route=\/wp\/v2\/pages\/25\/revisions\/382"}],"wp:featuredmedia":[{"embeddable":true,"href":"https:\/\/megafly.com.br\/index.php?rest_route=\/wp\/v2\/media\/299"}],"wp:attachment":[{"href":"https:\/\/megafly.com.br\/index.php?rest_route=%2Fwp%2Fv2%2Fmedia&parent=25"}],"curies":[{"name":"wp","href":"https:\/\/api.w.org\/{rel}","templated":true}]}}