{"id":21,"date":"2013-11-03T02:25:45","date_gmt":"2013-11-03T02:25:45","guid":{"rendered":"http:\/\/megafly.com.br\/?page_id=21"},"modified":"2025-04-14T20:25:11","modified_gmt":"2025-04-14T23:25:11","slug":"aulas","status":"publish","type":"page","link":"https:\/\/megafly.com.br\/?page_id=21","title":{"rendered":"Aulas"},"content":{"rendered":"<h2>Mike Barber ensinando sobre voo XC (Cross Country)<\/h2>\n<p><strong>Ex-recordista mundial de XC com voo de 704km no Texas &#8211; Zapata em 2002<\/strong><br \/>\nTradu\u00e7\u00e3o: Glauco Cavalcanti<\/p>\n<p>Parte 1<\/p>\n<p><iframe loading=\"lazy\" title=\"Mike Barber - XC e Recordes - 1\" width=\"500\" height=\"375\" src=\"https:\/\/www.youtube.com\/embed\/30Z5ObCJRN4?list=PL14C9D992FE667526\" frameborder=\"0\" allow=\"accelerometer; autoplay; clipboard-write; encrypted-media; gyroscope; picture-in-picture; web-share\" referrerpolicy=\"strict-origin-when-cross-origin\" allowfullscreen><\/iframe><\/p>\n<p>Parte 2<\/p>\n<p><iframe loading=\"lazy\" title=\"Mike Barber - XC e Recordes - 2\" width=\"500\" height=\"375\" src=\"https:\/\/www.youtube.com\/embed\/Jhl1zOTYXmk?list=PL14C9D992FE667526\" frameborder=\"0\" allow=\"accelerometer; autoplay; clipboard-write; encrypted-media; gyroscope; picture-in-picture; web-share\" referrerpolicy=\"strict-origin-when-cross-origin\" allowfullscreen><\/iframe><\/p>\n<p>Parte 3<\/p>\n<p><iframe loading=\"lazy\" title=\"Mike Barber - XC e Recordes -  3\" width=\"500\" height=\"375\" src=\"https:\/\/www.youtube.com\/embed\/rNvSKPRgdp0?list=PL14C9D992FE667526\" frameborder=\"0\" allow=\"accelerometer; autoplay; clipboard-write; encrypted-media; gyroscope; picture-in-picture; web-share\" referrerpolicy=\"strict-origin-when-cross-origin\" allowfullscreen><\/iframe><\/p>\n<p>Parte 4<\/p>\n<p><iframe loading=\"lazy\" title=\"Mike Barber e V\u00f4os de Recorde - Parte 4\" width=\"500\" height=\"375\" src=\"https:\/\/www.youtube.com\/embed\/HIYGh0aS7-A?list=PL14C9D992FE667526\" frameborder=\"0\" allow=\"accelerometer; autoplay; clipboard-write; encrypted-media; gyroscope; picture-in-picture; web-share\" referrerpolicy=\"strict-origin-when-cross-origin\" allowfullscreen><\/iframe><\/p>\n<p>Parte 5<\/p>\n<p><iframe loading=\"lazy\" title=\"Mike Barber e V\u00f4os de Recorde - Parte 6 (Final)\" width=\"500\" height=\"375\" src=\"https:\/\/www.youtube.com\/embed\/uPEtxp7jUo0?list=PL14C9D992FE667526\" frameborder=\"0\" allow=\"accelerometer; autoplay; clipboard-write; encrypted-media; gyroscope; picture-in-picture; web-share\" referrerpolicy=\"strict-origin-when-cross-origin\" allowfullscreen><\/iframe><\/p>\n<h2>Jonny Durand Jr fala sobre competi\u00e7\u00f5es<\/h2>\n<div><strong>Recordista mundial de dist\u00e2ncia declarada voando 561km<br \/>\n<\/strong><span style=\"font-size: 13px;\">Voando junto com seu colega Dustin Martin, Jonny bateu o recorde mundial de dist\u00e2ncia percorrendo 761km \u2013 Zapata em 2012<\/span><\/div>\n<p>Parte 1<\/p>\n<p><iframe loading=\"lazy\" title=\"Jon Durand Jr. - Part 1\" width=\"500\" height=\"375\" src=\"https:\/\/www.youtube.com\/embed\/XO-YhszUo_o?feature=oembed\" frameborder=\"0\" allow=\"accelerometer; autoplay; clipboard-write; encrypted-media; gyroscope; picture-in-picture; web-share\" referrerpolicy=\"strict-origin-when-cross-origin\" allowfullscreen><\/iframe><\/p>\n<p>Parte 2<\/p>\n<p><iframe loading=\"lazy\" title=\"Jon Durand Jr. - Part2\" width=\"500\" height=\"375\" src=\"https:\/\/www.youtube.com\/embed\/g6zoHlAVp-A?feature=oembed\" frameborder=\"0\" allow=\"accelerometer; autoplay; clipboard-write; encrypted-media; gyroscope; picture-in-picture; web-share\" referrerpolicy=\"strict-origin-when-cross-origin\" allowfullscreen><\/iframe><\/p>\n<h2>Fabio Nunes ensina sobre linha de nuvens<\/h2>\n<p><strong>Um dos melhores pilotos de XC do Brasil<\/strong><\/p>\n<p>Parte 1<\/p>\n<p>http:\/\/www.youtube.com\/watch?v=CwdKnl1ChaU<\/p>\n","protected":false},"excerpt":{"rendered":"<p>Mike Barber ensinando sobre voo XC (Cross Country) Ex-recordista mundial de XC com voo de 704km no Texas &#8211; Zapata em 2002 Tradu\u00e7\u00e3o: Glauco Cavalcanti Parte 1 Parte 2 Parte 3 Parte 4 Parte 5 Jonny Durand Jr fala sobre competi\u00e7\u00f5es Recordista mundial de dist\u00e2ncia declarada voando 561km Voando junto com seu colega Dustin Martin, [&hellip;]<\/p>\n","protected":false},"author":1,"featured_media":299,"parent":0,"menu_order":0,"comment_status":"closed","ping_status":"open","template":"page_r.php","meta":{"footnotes":""},"class_list":["post-21","page","type-page","status-publish","has-post-thumbnail","hentry"],"yoast_head":"<!-- This site is optimized with the Yoast SEO plugin v26.1.1 - https:\/\/yoast.com\/wordpress\/plugins\/seo\/ -->\n<title>Aulas - Megafly - Voos Longos - Cross Country<\/title>\n<meta name=\"robots\" content=\"index, follow, max-snippet:-1, max-image-preview:large, max-video-preview:-1\" \/>\n<link rel=\"canonical\" href=\"https:\/\/megafly.com.br\/?page_id=21\" \/>\n<meta property=\"og:locale\" content=\"pt_BR\" \/>\n<meta property=\"og:type\" content=\"article\" \/>\n<meta property=\"og:title\" content=\"Aulas - Megafly - Voos Longos - Cross Country\" \/>\n<meta property=\"og:description\" content=\"Mike Barber ensinando sobre voo XC (Cross Country) Ex-recordista mundial de XC com voo de 704km no Texas &#8211; Zapata em 2002 Tradu\u00e7\u00e3o: Glauco Cavalcanti Parte 1 Parte 2 Parte 3 Parte 4 Parte 5 Jonny Durand Jr fala sobre competi\u00e7\u00f5es Recordista mundial de dist\u00e2ncia declarada voando 561km Voando junto com seu colega Dustin Martin, [&hellip;]\" \/>\n<meta property=\"og:url\" content=\"https:\/\/megafly.com.br\/?page_id=21\" \/>\n<meta property=\"og:site_name\" content=\"Megafly - Voos Longos - Cross Country\" \/>\n<meta property=\"article:modified_time\" content=\"2025-04-14T23:25:11+00:00\" \/>\n<meta property=\"og:image\" content=\"https:\/\/megafly.com.br\/wp-content\/uploads\/sites\/17\/2013\/11\/Fundo_02.jpg\" \/>\n\t<meta property=\"og:image:width\" content=\"1600\" \/>\n\t<meta property=\"og:image:height\" content=\"1200\" \/>\n\t<meta property=\"og:image:type\" content=\"image\/jpeg\" \/>\n<meta name=\"twitter:card\" content=\"summary_large_image\" \/>\n<meta name=\"twitter:label1\" content=\"Est. tempo de leitura\" \/>\n\t<meta name=\"twitter:data1\" content=\"1 minuto\" \/>\n<script type=\"application\/ld+json\" class=\"yoast-schema-graph\">{\"@context\":\"https:\/\/schema.org\",\"@graph\":[{\"@type\":\"WebPage\",\"@id\":\"https:\/\/megafly.com.br\/?page_id=21\",\"url\":\"https:\/\/megafly.com.br\/?page_id=21\",\"name\":\"Aulas - Megafly - Voos Longos - Cross Country\",\"isPartOf\":{\"@id\":\"https:\/\/www.megafly.com.br\/#website\"},\"primaryImageOfPage\":{\"@id\":\"https:\/\/megafly.com.br\/?page_id=21#primaryimage\"},\"image\":{\"@id\":\"https:\/\/megafly.com.br\/?page_id=21#primaryimage\"},\"thumbnailUrl\":\"https:\/\/megafly.com.br\/wp-content\/uploads\/sites\/17\/2013\/11\/Fundo_02.jpg\",\"datePublished\":\"2013-11-03T02:25:45+00:00\",\"dateModified\":\"2025-04-14T23:25:11+00:00\",\"breadcrumb\":{\"@id\":\"https:\/\/megafly.com.br\/?page_id=21#breadcrumb\"},\"inLanguage\":\"pt-BR\",\"potentialAction\":[{\"@type\":\"ReadAction\",\"target\":[\"https:\/\/megafly.com.br\/?page_id=21\"]}]},{\"@type\":\"ImageObject\",\"inLanguage\":\"pt-BR\",\"@id\":\"https:\/\/megafly.com.br\/?page_id=21#primaryimage\",\"url\":\"https:\/\/megafly.com.br\/wp-content\/uploads\/sites\/17\/2013\/11\/Fundo_02.jpg\",\"contentUrl\":\"https:\/\/megafly.com.br\/wp-content\/uploads\/sites\/17\/2013\/11\/Fundo_02.jpg\",\"width\":1600,\"height\":1200},{\"@type\":\"BreadcrumbList\",\"@id\":\"https:\/\/megafly.com.br\/?page_id=21#breadcrumb\",\"itemListElement\":[{\"@type\":\"ListItem\",\"position\":1,\"name\":\"Home\",\"item\":\"https:\/\/www.megafly.com.br\/\"},{\"@type\":\"ListItem\",\"position\":2,\"name\":\"Aulas\"}]},{\"@type\":\"WebSite\",\"@id\":\"https:\/\/www.megafly.com.br\/#website\",\"url\":\"https:\/\/www.megafly.com.br\/\",\"name\":\"Megafly - Voos Longos - Cross Country\",\"description\":\"\",\"potentialAction\":[{\"@type\":\"SearchAction\",\"target\":{\"@type\":\"EntryPoint\",\"urlTemplate\":\"https:\/\/www.megafly.com.br\/?s={search_term_string}\"},\"query-input\":{\"@type\":\"PropertyValueSpecification\",\"valueRequired\":true,\"valueName\":\"search_term_string\"}}],\"inLanguage\":\"pt-BR\"}]}<\/script>\n<!-- \/ Yoast SEO plugin. -->","yoast_head_json":{"title":"Aulas - Megafly - Voos Longos - Cross Country","robots":{"index":"index","follow":"follow","max-snippet":"max-snippet:-1","max-image-preview":"max-image-preview:large","max-video-preview":"max-video-preview:-1"},"canonical":"https:\/\/megafly.com.br\/?page_id=21","og_locale":"pt_BR","og_type":"article","og_title":"Aulas - Megafly - Voos Longos - Cross Country","og_description":"Mike Barber ensinando sobre voo XC (Cross Country) Ex-recordista mundial de XC com voo de 704km no Texas &#8211; Zapata em 2002 Tradu\u00e7\u00e3o: Glauco Cavalcanti Parte 1 Parte 2 Parte 3 Parte 4 Parte 5 Jonny Durand Jr fala sobre competi\u00e7\u00f5es Recordista mundial de dist\u00e2ncia declarada voando 561km Voando junto com seu colega Dustin Martin, [&hellip;]","og_url":"https:\/\/megafly.com.br\/?page_id=21","og_site_name":"Megafly - Voos Longos - Cross Country","article_modified_time":"2025-04-14T23:25:11+00:00","og_image":[{"width":1600,"height":1200,"url":"https:\/\/megafly.com.br\/wp-content\/uploads\/sites\/17\/2013\/11\/Fundo_02.jpg","type":"image\/jpeg"}],"twitter_card":"summary_large_image","twitter_misc":{"Est. tempo de leitura":"1 minuto"},"schema":{"@context":"https:\/\/schema.org","@graph":[{"@type":"WebPage","@id":"https:\/\/megafly.com.br\/?page_id=21","url":"https:\/\/megafly.com.br\/?page_id=21","name":"Aulas - Megafly - Voos Longos - Cross Country","isPartOf":{"@id":"https:\/\/www.megafly.com.br\/#website"},"primaryImageOfPage":{"@id":"https:\/\/megafly.com.br\/?page_id=21#primaryimage"},"image":{"@id":"https:\/\/megafly.com.br\/?page_id=21#primaryimage"},"thumbnailUrl":"https:\/\/megafly.com.br\/wp-content\/uploads\/sites\/17\/2013\/11\/Fundo_02.jpg","datePublished":"2013-11-03T02:25:45+00:00","dateModified":"2025-04-14T23:25:11+00:00","breadcrumb":{"@id":"https:\/\/megafly.com.br\/?page_id=21#breadcrumb"},"inLanguage":"pt-BR","potentialAction":[{"@type":"ReadAction","target":["https:\/\/megafly.com.br\/?page_id=21"]}]},{"@type":"ImageObject","inLanguage":"pt-BR","@id":"https:\/\/megafly.com.br\/?page_id=21#primaryimage","url":"https:\/\/megafly.com.br\/wp-content\/uploads\/sites\/17\/2013\/11\/Fundo_02.jpg","contentUrl":"https:\/\/megafly.com.br\/wp-content\/uploads\/sites\/17\/2013\/11\/Fundo_02.jpg","width":1600,"height":1200},{"@type":"BreadcrumbList","@id":"https:\/\/megafly.com.br\/?page_id=21#breadcrumb","itemListElement":[{"@type":"ListItem","position":1,"name":"Home","item":"https:\/\/www.megafly.com.br\/"},{"@type":"ListItem","position":2,"name":"Aulas"}]},{"@type":"WebSite","@id":"https:\/\/www.megafly.com.br\/#website","url":"https:\/\/www.megafly.com.br\/","name":"Megafly - Voos Longos - Cross Country","description":"","potentialAction":[{"@type":"SearchAction","target":{"@type":"EntryPoint","urlTemplate":"https:\/\/www.megafly.com.br\/?s={search_term_string}"},"query-input":{"@type":"PropertyValueSpecification","valueRequired":true,"valueName":"search_term_string"}}],"inLanguage":"pt-BR"}]}},"_links":{"self":[{"href":"https:\/\/megafly.com.br\/index.php?rest_route=\/wp\/v2\/pages\/21","targetHints":{"allow":["GET"]}}],"collection":[{"href":"https:\/\/megafly.com.br\/index.php?rest_route=\/wp\/v2\/pages"}],"about":[{"href":"https:\/\/megafly.com.br\/index.php?rest_route=\/wp\/v2\/types\/page"}],"author":[{"embeddable":true,"href":"https:\/\/megafly.com.br\/index.php?rest_route=\/wp\/v2\/users\/1"}],"replies":[{"embeddable":true,"href":"https:\/\/megafly.com.br\/index.php?rest_route=%2Fwp%2Fv2%2Fcomments&post=21"}],"version-history":[{"count":1,"href":"https:\/\/megafly.com.br\/index.php?rest_route=\/wp\/v2\/pages\/21\/revisions"}],"predecessor-version":[{"id":375,"href":"https:\/\/megafly.com.br\/index.php?rest_route=\/wp\/v2\/pages\/21\/revisions\/375"}],"wp:featuredmedia":[{"embeddable":true,"href":"https:\/\/megafly.com.br\/index.php?rest_route=\/wp\/v2\/media\/299"}],"wp:attachment":[{"href":"https:\/\/megafly.com.br\/index.php?rest_route=%2Fwp%2Fv2%2Fmedia&parent=21"}],"curies":[{"name":"wp","href":"https:\/\/api.w.org\/{rel}","templated":true}]}}