{"id":19,"date":"2013-11-03T02:25:31","date_gmt":"2013-11-03T02:25:31","guid":{"rendered":"http:\/\/megafly.com.br\/?page_id=19"},"modified":"2025-04-14T20:25:11","modified_gmt":"2025-04-14T23:25:11","slug":"mega-voos","status":"publish","type":"page","link":"https:\/\/megafly.com.br\/?page_id=19","title":{"rendered":"Mega V\u00eddeos"},"content":{"rendered":"<p>Veja quais s\u00e3o os recordes mundiais de asa delta:\u00a0<a href=\"http:\/\/www.fai.org\/civl-records\" target=\"_blank\" rel=\"noopener noreferrer\">http:\/\/www.fai.org\/civl-records<\/a><\/p>\n<h2>Voos de Dist\u00e2ncia<\/h2>\n<p><strong>Recorde Mundial de Distancia &#8211; Dustin Martin e Jonny Durand<\/strong><\/p>\n<p><iframe loading=\"lazy\" title=\"Hang Gliding World Record Distance flight\" width=\"500\" height=\"281\" src=\"https:\/\/www.youtube.com\/embed\/ZaGcGBSbFtI?feature=oembed\" frameborder=\"0\" allow=\"accelerometer; autoplay; clipboard-write; encrypted-media; gyroscope; picture-in-picture; web-share\" referrerpolicy=\"strict-origin-when-cross-origin\" allowfullscreen><\/iframe><\/p>\n<p><strong>Betinho Schmitz<\/strong><br \/>\nAntigo recorde mundial de dist\u00e2ncia declarada &#8211; 504km em 9 horas e 40 minutos &#8211; Texas Zapata<\/p>\n<p><iframe loading=\"lazy\" title=\"Recorde Mundial Texas 2001\" width=\"500\" height=\"375\" src=\"https:\/\/www.youtube.com\/embed\/cVF6sSyD6vg?feature=oembed\" frameborder=\"0\" allow=\"accelerometer; autoplay; clipboard-write; encrypted-media; gyroscope; picture-in-picture; web-share\" referrerpolicy=\"strict-origin-when-cross-origin\" allowfullscreen><\/iframe><\/p>\n<h3>Melhores voos XC no Brasil<\/h3>\n<p>Classifico os pilotos de XC da\u00a0 atualidade em quatro grupos de acordo com a quilometragem:<\/p>\n<ul>\n<li>Clube dos 500+\u00a0\u00a0\u00a0 =&gt; 5 pilotos (Du-DF, Glauco-DF, Dudu-Mato Grosso, Betinho e Andre)<\/li>\n<li>Clube dos 400+\u00a0\u00a0\u00a0 =&gt; 5 pilotos<\/li>\n<li>Clube dos 300+\u00a0\u00a0\u00a0 =&gt; 17 pilotos<\/li>\n<li>Clube dos 200+\u00a0\u00a0\u00a0 =&gt; n\u00e3o sabemos o numero ao certo<\/li>\n<\/ul>\n<h3>Clube 500+<\/h3>\n\n<table id=\"tablepress-1\" class=\"tablepress tablepress-id-1 tbody-has-connected-cells\">\n<tbody>\n<tr class=\"row-1\">\n\t<td class=\"column-1\">Quil\u00f4metros voados <br \/>\nem Linha Reta<\/td><td class=\"column-2\">Nome<\/td><td class=\"column-3\"># Pilotos<\/td><td class=\"column-4\">Observa\u00e7\u00e3o<\/td>\n<\/tr>\n<tr class=\"row-2\">\n\t<td class=\"column-1\">Clube dos 600+<\/td><td class=\"column-2\">Andr\u00e9 Wolf<\/td><td class=\"column-3\">1<\/td><td class=\"column-4\">600km em Zapata no Texas<\/td>\n<\/tr>\n<tr class=\"row-3\">\n\t<td class=\"column-1\">Clube 500+<\/td><td class=\"column-2\">Eduardo Fernandes - DF<\/td><td rowspan=\"5\" class=\"column-3\">5<\/td><td class=\"column-4\">573km  - atual recordista sul americano - voados em Tacima<\/td>\n<\/tr>\n<tr class=\"row-4\">\n\t<td class=\"column-1\"><\/td><td class=\"column-2\">Glauco Pinto<br \/>\n<\/td><td class=\"column-4\">538km no dia do recorde do Eduardo Fernandes<br \/>\n<\/td>\n<\/tr>\n<tr class=\"row-5\">\n\t<td class=\"column-1\"><\/td><td class=\"column-2\">Eduardo Mato Grosso<br \/>\n<\/td><td class=\"column-4\">537km no dia do recorde do Eduardo Fernandes<br \/>\n<\/td>\n<\/tr>\n<tr class=\"row-6\">\n\t<td class=\"column-1\"><\/td><td class=\"column-2\">Betinho Schmitz<br \/>\n<\/td><td class=\"column-4\">500km - recordista mundial de distancia declarada - Texas Zapata<br \/>\n<\/td>\n<\/tr>\n<tr class=\"row-7\">\n\t<td class=\"column-1\"><\/td><td class=\"column-2\">Andr\u00e9 Wolf<br \/>\n<\/td><td class=\"column-4\"><\/td>\n<\/tr>\n<tr class=\"row-8\">\n\t<td class=\"column-1\">Clube 400+<br \/>\n<\/td><td class=\"column-2\">Eduardo Fernandes - DF<br \/>\n<\/td><td rowspan=\"6\" class=\"column-3\">6<\/td><td class=\"column-4\"><\/td>\n<\/tr>\n<tr class=\"row-9\">\n\t<td class=\"column-1\"><\/td><td class=\"column-2\">Glauco Pinto<br \/>\n<\/td><td class=\"column-4\"><\/td>\n<\/tr>\n<tr class=\"row-10\">\n\t<td class=\"column-1\"><\/td><td class=\"column-2\">Eduardo Mato Grosso<br \/>\n<\/td><td class=\"column-4\"><\/td>\n<\/tr>\n<tr class=\"row-11\">\n\t<td class=\"column-1\"><\/td><td class=\"column-2\">Betinho Schmitz<br \/>\n<\/td><td class=\"column-4\"><\/td>\n<\/tr>\n<tr class=\"row-12\">\n\t<td class=\"column-1\"><\/td><td class=\"column-2\">Andr\u00e9 Wolf<br \/>\n<\/td><td class=\"column-4\">495km - antigo recorde brasileiro - Ca\u00e7apava<br \/>\n<\/td>\n<\/tr>\n<tr class=\"row-13\">\n\t<td class=\"column-1\"><\/td><td class=\"column-2\">Fernando DF<\/td><td class=\"column-4\">437km<\/td>\n<\/tr>\n<tr class=\"row-14\">\n\t<td class=\"column-1\">Clube 300+<br \/>\n<\/td><td class=\"column-2\">Eduardo Fernandes - DF<br \/>\n<\/td><td rowspan=\"17\" class=\"column-3\">17<\/td><td class=\"column-4\"><\/td>\n<\/tr>\n<tr class=\"row-15\">\n\t<td class=\"column-1\"><\/td><td class=\"column-2\">Glauco Pinto<br \/>\n<\/td><td class=\"column-4\"><\/td>\n<\/tr>\n<tr class=\"row-16\">\n\t<td class=\"column-1\"><\/td><td class=\"column-2\">Eduardo Mato Grosso<br \/>\n<\/td><td class=\"column-4\"><\/td>\n<\/tr>\n<tr class=\"row-17\">\n\t<td class=\"column-1\"><\/td><td class=\"column-2\">Betinho Schmitz<br \/>\n<\/td><td class=\"column-4\"><\/td>\n<\/tr>\n<tr class=\"row-18\">\n\t<td class=\"column-1\"><\/td><td class=\"column-2\">Andr\u00e9 Wolf<br \/>\n<\/td><td class=\"column-4\"><\/td>\n<\/tr>\n<tr class=\"row-19\">\n\t<td class=\"column-1\"><\/td><td class=\"column-2\">Marcelo Ferro<br \/>\n<\/td><td class=\"column-4\">371km  em Quixad\u00e1<br \/>\n<\/td>\n<\/tr>\n<tr class=\"row-20\">\n\t<td class=\"column-1\"><\/td><td class=\"column-2\">Cesar Castro<br \/>\n<\/td><td class=\"column-4\">357km em Quixad\u00e1<\/td>\n<\/tr>\n<tr class=\"row-21\">\n\t<td class=\"column-1\"><\/td><td class=\"column-2\">Rodrigo Gerundo<br \/>\n<\/td><td class=\"column-4\">338km em Quixad\u00e1<br \/>\n<\/td>\n<\/tr>\n<tr class=\"row-22\">\n\t<td class=\"column-1\"><\/td><td class=\"column-2\">Erick Vils<br \/>\n<\/td><td class=\"column-4\">326km em Quixad\u00e1<br \/>\n<\/td>\n<\/tr>\n<tr class=\"row-23\">\n\t<td class=\"column-1\"><\/td><td class=\"column-2\">Conrad Heilmann<br \/>\n<\/td><td class=\"column-4\">321km em Tacima<br \/>\n<\/td>\n<\/tr>\n<tr class=\"row-24\">\n\t<td class=\"column-1\"><\/td><td class=\"column-2\">Marcelo Andrei \"Moikano\"<br \/>\n<\/td><td class=\"column-4\">319km em Tacima<br \/>\n<\/td>\n<\/tr>\n<tr class=\"row-25\">\n\t<td class=\"column-1\"><\/td><td class=\"column-2\">Geraldo Nobre<\/td><td class=\"column-4\">317km em Jaragu\u00e1<br \/>\n<\/td>\n<\/tr>\n<tr class=\"row-26\">\n\t<td class=\"column-1\"><\/td><td class=\"column-2\">Ricardo Campanha \"Indiana\"<br \/>\n<\/td><td class=\"column-4\">314km em Quixad\u00e1<br \/>\n<\/td>\n<\/tr>\n<tr class=\"row-27\">\n\t<td class=\"column-1\"><\/td><td class=\"column-2\">Glauco Cavalcanti<br \/>\n<\/td><td class=\"column-4\">301km em Quixad\u00e1<br \/>\n<\/td>\n<\/tr>\n<tr class=\"row-28\">\n\t<td class=\"column-1\"><\/td><td class=\"column-2\">Gustavo Saldanha<br \/>\n<\/td><td class=\"column-4\"><\/td>\n<\/tr>\n<tr class=\"row-29\">\n\t<td class=\"column-1\"><\/td><td class=\"column-2\">Max Turiaco<br \/>\n<\/td><td class=\"column-4\"><\/td>\n<\/tr>\n<tr class=\"row-30\">\n\t<td class=\"column-1\"><\/td><td class=\"column-2\">Fernando DF<br \/>\n<\/td><td class=\"column-4\"><\/td>\n<\/tr>\n<\/tbody>\n<\/table>\n<!-- #tablepress-1 from cache -->\n<h2>Efeito solo<\/h2>\n<p>Piloto: Glauco Cavalcanti<br \/>\nFoto: Bruno Lima<br \/>\nPublicada na Cross Country Magazine &#8211; Edi\u00e7\u00e3o 124<\/p>\n<p><img decoding=\"async\" class=\"alignnone size-full wp-image-60\" src=\"http:\/\/megafly.com.br\/wp-content\/uploads\/sites\/17\/2013\/11\/13_Glauco-Cavalcanti.jpg\" alt=\"13_Glauco-Cavalcanti\" width=\"610\" srcset=\"https:\/\/megafly.com.br\/wp-content\/uploads\/sites\/17\/2013\/11\/13_Glauco-Cavalcanti.jpg 640w, https:\/\/megafly.com.br\/wp-content\/uploads\/sites\/17\/2013\/11\/13_Glauco-Cavalcanti-300x198.jpg 300w\" sizes=\"(max-width: 640px) 100vw, 640px\" \/><\/p>\n<p><strong>Glauco Cavalcanti<\/strong><\/p>\n<p><iframe loading=\"lazy\" src=\"\/\/player.vimeo.com\/video\/41674993\" width=\"610\" height=\"369\" frameborder=\"0\" allowfullscreen=\"allowfullscreen\"><\/iframe><\/p>\n<p><iframe loading=\"lazy\" title=\"Ground Effect Project\" width=\"500\" height=\"375\" src=\"https:\/\/www.youtube.com\/embed\/6jhCFqPkgR8?feature=oembed\" frameborder=\"0\" allow=\"accelerometer; autoplay; clipboard-write; encrypted-media; gyroscope; picture-in-picture; web-share\" referrerpolicy=\"strict-origin-when-cross-origin\" allowfullscreen><\/iframe><\/p>\n<p><strong>Wolfgang Seiss<\/strong><\/p>\n<p><iframe loading=\"lazy\" title=\"Extreme Hanggliding  Swooping\" width=\"500\" height=\"375\" src=\"https:\/\/www.youtube.com\/embed\/Scg_PyAuKiM?feature=oembed\" frameborder=\"0\" allow=\"accelerometer; autoplay; clipboard-write; encrypted-media; gyroscope; picture-in-picture; web-share\" referrerpolicy=\"strict-origin-when-cross-origin\" allowfullscreen><\/iframe><\/p>\n<p><iframe loading=\"lazy\" title=\"River bridge swoop\" width=\"500\" height=\"281\" src=\"https:\/\/www.youtube.com\/embed\/n0o6gJmjlEQ?feature=oembed\" frameborder=\"0\" allow=\"accelerometer; autoplay; clipboard-write; encrypted-media; gyroscope; picture-in-picture; web-share\" referrerpolicy=\"strict-origin-when-cross-origin\" allowfullscreen><\/iframe><\/p>\n<p><strong>Jonny Durand &#8211; Morning Glory<\/strong><\/p>\n<p><iframe loading=\"lazy\" title=\"Hang Gliding a Morning Glory ( Jonny Durand ) Surfing the biggest wave Ever\" width=\"500\" height=\"281\" src=\"https:\/\/www.youtube.com\/embed\/RzurOLMD1BM?feature=oembed\" frameborder=\"0\" allow=\"accelerometer; autoplay; clipboard-write; encrypted-media; gyroscope; picture-in-picture; web-share\" referrerpolicy=\"strict-origin-when-cross-origin\" allowfullscreen><\/iframe><\/p>\n<p><strong>Dreaming Awake<\/strong><\/p>\n<p><iframe loading=\"lazy\" title=\"Dreaming Awake Teaser Trailer\" width=\"500\" height=\"281\" src=\"https:\/\/www.youtube.com\/embed\/PypvNtD-7o8?feature=oembed\" frameborder=\"0\" allow=\"accelerometer; autoplay; clipboard-write; encrypted-media; gyroscope; picture-in-picture; web-share\" referrerpolicy=\"strict-origin-when-cross-origin\" allowfullscreen><\/iframe><\/p>\n<p><strong>Speed Glide &#8211; Red Bull<\/strong><\/p>\n<p><iframe loading=\"lazy\" title=\"Redbull Speed Run\" width=\"500\" height=\"375\" src=\"https:\/\/www.youtube.com\/embed\/CprTlJ0HiIo?feature=oembed\" frameborder=\"0\" allow=\"accelerometer; autoplay; clipboard-write; encrypted-media; gyroscope; picture-in-picture; web-share\" referrerpolicy=\"strict-origin-when-cross-origin\" allowfullscreen><\/iframe><\/p>\n<p><iframe loading=\"lazy\" title=\"Red Bull SpeedGliding\" width=\"500\" height=\"375\" src=\"https:\/\/www.youtube.com\/embed\/vAiJsUXgknQ?feature=oembed\" frameborder=\"0\" allow=\"accelerometer; autoplay; clipboard-write; encrypted-media; gyroscope; picture-in-picture; web-share\" referrerpolicy=\"strict-origin-when-cross-origin\" allowfullscreen><\/iframe><\/p>\n<h2>V\u00eddeos XC<\/h2>\n<p><strong>Entrevista Jovem Pan Online com Glauco Cavalcanti<\/strong><b><\/b><\/p>\n<p><iframe loading=\"lazy\" title=\"Glauco Cavalcanti  Jovem Pan\" width=\"500\" height=\"375\" src=\"https:\/\/www.youtube.com\/embed\/2hjk9kOPyfc?feature=oembed\" frameborder=\"0\" allow=\"accelerometer; autoplay; clipboard-write; encrypted-media; gyroscope; picture-in-picture; web-share\" referrerpolicy=\"strict-origin-when-cross-origin\" allowfullscreen><\/iframe><\/p>\n<p><strong>Glauco Cavalcanti &#8211; Voo 300km em Quixad\u00e1<\/strong><\/p>\n<p><iframe loading=\"lazy\" title=\"Video Glauco2\" width=\"500\" height=\"375\" src=\"https:\/\/www.youtube.com\/embed\/n9j58a0B5C0?feature=oembed\" frameborder=\"0\" allow=\"accelerometer; autoplay; clipboard-write; encrypted-media; gyroscope; picture-in-picture; web-share\" referrerpolicy=\"strict-origin-when-cross-origin\" allowfullscreen><\/iframe><\/p>\n<p><strong>Glauco Cavalcanti &#8211; 200km em Bras\u00edlia<\/strong><\/p>\n<p><img loading=\"lazy\" decoding=\"async\" class=\"alignnone size-medium wp-image-187\" src=\"http:\/\/megafly.com.br\/wp-content\/uploads\/sites\/17\/2013\/11\/Voo-205km-Brasilia-610x394.jpg\" alt=\"Voo-205km-Brasilia\" width=\"610\" height=\"394\" srcset=\"https:\/\/megafly.com.br\/wp-content\/uploads\/sites\/17\/2013\/11\/Voo-205km-Brasilia-610x394.jpg 610w, https:\/\/megafly.com.br\/wp-content\/uploads\/sites\/17\/2013\/11\/Voo-205km-Brasilia.jpg 754w\" sizes=\"auto, (max-width: 610px) 100vw, 610px\" \/><\/p>\n<p><iframe loading=\"lazy\" title=\"Brasilia 2009_02_0001.wmv\" width=\"500\" height=\"375\" src=\"https:\/\/www.youtube.com\/embed\/apuHtyjZ7zk?feature=oembed\" frameborder=\"0\" allow=\"accelerometer; autoplay; clipboard-write; encrypted-media; gyroscope; picture-in-picture; web-share\" referrerpolicy=\"strict-origin-when-cross-origin\" allowfullscreen><\/iframe><\/p>\n<p><strong>Voando Tacima &#8211; Patu &#8211; Quixad\u00e1<\/strong><\/p>\n<p><iframe loading=\"lazy\" title=\"Projeto XCear\u00e1 2010\" width=\"500\" height=\"281\" src=\"https:\/\/www.youtube.com\/embed\/PDhZ5f7qRUs?feature=oembed\" frameborder=\"0\" allow=\"accelerometer; autoplay; clipboard-write; encrypted-media; gyroscope; picture-in-picture; web-share\" referrerpolicy=\"strict-origin-when-cross-origin\" allowfullscreen><\/iframe><\/p>\n<p><strong>XCear\u00e1 2008<\/strong><\/p>\n<p><iframe loading=\"lazy\" title=\"XCear\u00e1 2008 - CLip Sabi\u00e1\" width=\"500\" height=\"375\" src=\"https:\/\/www.youtube.com\/embed\/p2vpyuQfLh8?feature=oembed\" frameborder=\"0\" allow=\"accelerometer; autoplay; clipboard-write; encrypted-media; gyroscope; picture-in-picture; web-share\" referrerpolicy=\"strict-origin-when-cross-origin\" allowfullscreen><\/iframe><\/p>\n<p><strong>Pousado em Quixad\u00e1 &#8211; voo 290km<\/strong><\/p>\n<p>http:\/\/www.youtube.com\/watch?v=b6x-ZmdGdHk<\/p>\n<p><strong>Treinamento com Campe\u00e3o Betinho Schmitz<\/strong><\/p>\n<p><iframe loading=\"lazy\" src=\"\/\/player.vimeo.com\/video\/73796087\" width=\"610\" height=\"369\" frameborder=\"0\" allowfullscreen=\"allowfullscreen\"><\/iframe><\/p>\n<p><strong>Voo Passando Bras\u00edlia &#8211; Dire\u00e7\u00e3o Jaragu\u00e1<\/strong><\/p>\n<p><iframe loading=\"lazy\" src=\"\/\/player.vimeo.com\/video\/73331036\" width=\"610\" height=\"369\" frameborder=\"0\" allowfullscreen=\"allowfullscreen\"><\/iframe><\/p>\n","protected":false},"excerpt":{"rendered":"<p>Veja quais s\u00e3o os recordes mundiais de asa delta:\u00a0http:\/\/www.fai.org\/civl-records Voos de Dist\u00e2ncia Recorde Mundial de Distancia &#8211; Dustin Martin e Jonny Durand Betinho Schmitz Antigo recorde mundial de dist\u00e2ncia declarada &#8211; 504km em 9 horas e 40 minutos &#8211; Texas Zapata Melhores voos XC no Brasil Classifico os pilotos de XC da\u00a0 atualidade em quatro [&hellip;]<\/p>\n","protected":false},"author":1,"featured_media":299,"parent":0,"menu_order":0,"comment_status":"closed","ping_status":"open","template":"","meta":{"footnotes":""},"class_list":["post-19","page","type-page","status-publish","has-post-thumbnail","hentry"],"yoast_head":"<!-- This site is optimized with the Yoast SEO plugin v26.1.1 - https:\/\/yoast.com\/wordpress\/plugins\/seo\/ -->\n<title>Mega V\u00eddeos - Megafly - Voos Longos - Cross Country<\/title>\n<meta name=\"robots\" content=\"index, follow, max-snippet:-1, max-image-preview:large, max-video-preview:-1\" \/>\n<link rel=\"canonical\" href=\"https:\/\/www.megafly.com.br\/?page_id=19\" \/>\n<meta property=\"og:locale\" content=\"pt_BR\" \/>\n<meta property=\"og:type\" content=\"article\" \/>\n<meta property=\"og:title\" content=\"Mega V\u00eddeos - Megafly - Voos Longos - Cross Country\" \/>\n<meta property=\"og:description\" content=\"Veja quais s\u00e3o os recordes mundiais de asa delta:\u00a0http:\/\/www.fai.org\/civl-records Voos de Dist\u00e2ncia Recorde Mundial de Distancia &#8211; Dustin Martin e Jonny Durand Betinho Schmitz Antigo recorde mundial de dist\u00e2ncia declarada &#8211; 504km em 9 horas e 40 minutos &#8211; Texas Zapata Melhores voos XC no Brasil Classifico os pilotos de XC da\u00a0 atualidade em quatro [&hellip;]\" \/>\n<meta property=\"og:url\" content=\"https:\/\/www.megafly.com.br\/?page_id=19\" \/>\n<meta property=\"og:site_name\" content=\"Megafly - Voos Longos - Cross Country\" \/>\n<meta property=\"article:modified_time\" content=\"2025-04-14T23:25:11+00:00\" \/>\n<meta property=\"og:image\" content=\"https:\/\/www.megafly.com.br\/wp-content\/uploads\/sites\/17\/2013\/11\/Fundo_02.jpg\" \/>\n\t<meta property=\"og:image:width\" content=\"1600\" \/>\n\t<meta property=\"og:image:height\" content=\"1200\" \/>\n\t<meta property=\"og:image:type\" content=\"image\/jpeg\" \/>\n<meta name=\"twitter:card\" content=\"summary_large_image\" \/>\n<meta name=\"twitter:label1\" content=\"Est. tempo de leitura\" \/>\n\t<meta name=\"twitter:data1\" content=\"2 minutos\" \/>\n<script type=\"application\/ld+json\" class=\"yoast-schema-graph\">{\"@context\":\"https:\/\/schema.org\",\"@graph\":[{\"@type\":\"WebPage\",\"@id\":\"https:\/\/www.megafly.com.br\/?page_id=19\",\"url\":\"https:\/\/www.megafly.com.br\/?page_id=19\",\"name\":\"Mega V\u00eddeos - Megafly - Voos Longos - Cross Country\",\"isPartOf\":{\"@id\":\"https:\/\/www.megafly.com.br\/#website\"},\"primaryImageOfPage\":{\"@id\":\"https:\/\/www.megafly.com.br\/?page_id=19#primaryimage\"},\"image\":{\"@id\":\"https:\/\/www.megafly.com.br\/?page_id=19#primaryimage\"},\"thumbnailUrl\":\"https:\/\/megafly.com.br\/wp-content\/uploads\/sites\/17\/2013\/11\/Fundo_02.jpg\",\"datePublished\":\"2013-11-03T02:25:31+00:00\",\"dateModified\":\"2025-04-14T23:25:11+00:00\",\"breadcrumb\":{\"@id\":\"https:\/\/www.megafly.com.br\/?page_id=19#breadcrumb\"},\"inLanguage\":\"pt-BR\",\"potentialAction\":[{\"@type\":\"ReadAction\",\"target\":[\"https:\/\/www.megafly.com.br\/?page_id=19\"]}]},{\"@type\":\"ImageObject\",\"inLanguage\":\"pt-BR\",\"@id\":\"https:\/\/www.megafly.com.br\/?page_id=19#primaryimage\",\"url\":\"https:\/\/megafly.com.br\/wp-content\/uploads\/sites\/17\/2013\/11\/Fundo_02.jpg\",\"contentUrl\":\"https:\/\/megafly.com.br\/wp-content\/uploads\/sites\/17\/2013\/11\/Fundo_02.jpg\",\"width\":1600,\"height\":1200},{\"@type\":\"BreadcrumbList\",\"@id\":\"https:\/\/www.megafly.com.br\/?page_id=19#breadcrumb\",\"itemListElement\":[{\"@type\":\"ListItem\",\"position\":1,\"name\":\"Home\",\"item\":\"https:\/\/www.megafly.com.br\/\"},{\"@type\":\"ListItem\",\"position\":2,\"name\":\"Mega V\u00eddeos\"}]},{\"@type\":\"WebSite\",\"@id\":\"https:\/\/www.megafly.com.br\/#website\",\"url\":\"https:\/\/www.megafly.com.br\/\",\"name\":\"Megafly - Voos Longos - Cross Country\",\"description\":\"\",\"potentialAction\":[{\"@type\":\"SearchAction\",\"target\":{\"@type\":\"EntryPoint\",\"urlTemplate\":\"https:\/\/www.megafly.com.br\/?s={search_term_string}\"},\"query-input\":{\"@type\":\"PropertyValueSpecification\",\"valueRequired\":true,\"valueName\":\"search_term_string\"}}],\"inLanguage\":\"pt-BR\"}]}<\/script>\n<!-- \/ Yoast SEO plugin. -->","yoast_head_json":{"title":"Mega V\u00eddeos - Megafly - Voos Longos - Cross Country","robots":{"index":"index","follow":"follow","max-snippet":"max-snippet:-1","max-image-preview":"max-image-preview:large","max-video-preview":"max-video-preview:-1"},"canonical":"https:\/\/www.megafly.com.br\/?page_id=19","og_locale":"pt_BR","og_type":"article","og_title":"Mega V\u00eddeos - Megafly - Voos Longos - Cross Country","og_description":"Veja quais s\u00e3o os recordes mundiais de asa delta:\u00a0http:\/\/www.fai.org\/civl-records Voos de Dist\u00e2ncia Recorde Mundial de Distancia &#8211; Dustin Martin e Jonny Durand Betinho Schmitz Antigo recorde mundial de dist\u00e2ncia declarada &#8211; 504km em 9 horas e 40 minutos &#8211; Texas Zapata Melhores voos XC no Brasil Classifico os pilotos de XC da\u00a0 atualidade em quatro [&hellip;]","og_url":"https:\/\/www.megafly.com.br\/?page_id=19","og_site_name":"Megafly - Voos Longos - Cross Country","article_modified_time":"2025-04-14T23:25:11+00:00","og_image":[{"width":1600,"height":1200,"url":"https:\/\/www.megafly.com.br\/wp-content\/uploads\/sites\/17\/2013\/11\/Fundo_02.jpg","type":"image\/jpeg"}],"twitter_card":"summary_large_image","twitter_misc":{"Est. tempo de leitura":"2 minutos"},"schema":{"@context":"https:\/\/schema.org","@graph":[{"@type":"WebPage","@id":"https:\/\/www.megafly.com.br\/?page_id=19","url":"https:\/\/www.megafly.com.br\/?page_id=19","name":"Mega V\u00eddeos - Megafly - Voos Longos - Cross Country","isPartOf":{"@id":"https:\/\/www.megafly.com.br\/#website"},"primaryImageOfPage":{"@id":"https:\/\/www.megafly.com.br\/?page_id=19#primaryimage"},"image":{"@id":"https:\/\/www.megafly.com.br\/?page_id=19#primaryimage"},"thumbnailUrl":"https:\/\/megafly.com.br\/wp-content\/uploads\/sites\/17\/2013\/11\/Fundo_02.jpg","datePublished":"2013-11-03T02:25:31+00:00","dateModified":"2025-04-14T23:25:11+00:00","breadcrumb":{"@id":"https:\/\/www.megafly.com.br\/?page_id=19#breadcrumb"},"inLanguage":"pt-BR","potentialAction":[{"@type":"ReadAction","target":["https:\/\/www.megafly.com.br\/?page_id=19"]}]},{"@type":"ImageObject","inLanguage":"pt-BR","@id":"https:\/\/www.megafly.com.br\/?page_id=19#primaryimage","url":"https:\/\/megafly.com.br\/wp-content\/uploads\/sites\/17\/2013\/11\/Fundo_02.jpg","contentUrl":"https:\/\/megafly.com.br\/wp-content\/uploads\/sites\/17\/2013\/11\/Fundo_02.jpg","width":1600,"height":1200},{"@type":"BreadcrumbList","@id":"https:\/\/www.megafly.com.br\/?page_id=19#breadcrumb","itemListElement":[{"@type":"ListItem","position":1,"name":"Home","item":"https:\/\/www.megafly.com.br\/"},{"@type":"ListItem","position":2,"name":"Mega V\u00eddeos"}]},{"@type":"WebSite","@id":"https:\/\/www.megafly.com.br\/#website","url":"https:\/\/www.megafly.com.br\/","name":"Megafly - Voos Longos - Cross Country","description":"","potentialAction":[{"@type":"SearchAction","target":{"@type":"EntryPoint","urlTemplate":"https:\/\/www.megafly.com.br\/?s={search_term_string}"},"query-input":{"@type":"PropertyValueSpecification","valueRequired":true,"valueName":"search_term_string"}}],"inLanguage":"pt-BR"}]}},"_links":{"self":[{"href":"https:\/\/megafly.com.br\/index.php?rest_route=\/wp\/v2\/pages\/19","targetHints":{"allow":["GET"]}}],"collection":[{"href":"https:\/\/megafly.com.br\/index.php?rest_route=\/wp\/v2\/pages"}],"about":[{"href":"https:\/\/megafly.com.br\/index.php?rest_route=\/wp\/v2\/types\/page"}],"author":[{"embeddable":true,"href":"https:\/\/megafly.com.br\/index.php?rest_route=\/wp\/v2\/users\/1"}],"replies":[{"embeddable":true,"href":"https:\/\/megafly.com.br\/index.php?rest_route=%2Fwp%2Fv2%2Fcomments&post=19"}],"version-history":[{"count":1,"href":"https:\/\/megafly.com.br\/index.php?rest_route=\/wp\/v2\/pages\/19\/revisions"}],"predecessor-version":[{"id":379,"href":"https:\/\/megafly.com.br\/index.php?rest_route=\/wp\/v2\/pages\/19\/revisions\/379"}],"wp:featuredmedia":[{"embeddable":true,"href":"https:\/\/megafly.com.br\/index.php?rest_route=\/wp\/v2\/media\/299"}],"wp:attachment":[{"href":"https:\/\/megafly.com.br\/index.php?rest_route=%2Fwp%2Fv2%2Fmedia&parent=19"}],"curies":[{"name":"wp","href":"https:\/\/api.w.org\/{rel}","templated":true}]}}